{"id":10,"date":"2025-01-19T20:33:30","date_gmt":"2025-01-19T20:33:30","guid":{"rendered":"https:\/\/drewnobudowlane.malopolska.pl\/?page_id=10"},"modified":"2025-01-19T20:43:22","modified_gmt":"2025-01-19T20:43:22","slug":"strona-glowna","status":"publish","type":"page","link":"https:\/\/drewnobudowlane.malopolska.pl\/","title":{"rendered":"Drewno to nasza specjalno\u015b\u0107"},"content":{"rendered":"\n<p>Specjalizujemy si\u0119 w produkcji drewna budowlanego, wykonujemy na indywidualne zam\u00f3wienie wi\u0119\u017aby dachowe, kant\u00f3wki, deski i inne wyroby tartaczne. Wszystkie produkty i us\u0142ugi przez nas wykonywane posiadaj\u0105 wysok\u0105 jako\u015b\u0107, gdy\u017c pracujemy wy\u0142\u0105cznie ze \u015bwie\u017cym i zdrowym drzewem.<\/p>\n\n\n\n<p><\/p>\n","protected":false},"excerpt":{"rendered":"<p>Specjalizujemy si\u0119 w produkcji drewna budowlanego, wykonujemy na indywidualne zam\u00f3wienie wi\u0119\u017aby dachowe, kant\u00f3wki, deski i inne wyroby tartaczne. Wszystkie produkty i us\u0142ugi przez nas wykonywane posiadaj\u0105 wysok\u0105 jako\u015b\u0107, gdy\u017c pracujemy wy\u0142\u0105cznie ze \u015bwie\u017cym i zdrowym drzewem.<\/p>\n","protected":false},"author":1,"featured_media":39,"parent":0,"menu_order":0,"comment_status":"closed","ping_status":"closed","template":"","meta":{"footnotes":""},"class_list":["post-10","page","type-page","status-publish","has-post-thumbnail","hentry"],"_links":{"self":[{"href":"https:\/\/drewnobudowlane.malopolska.pl\/index.php?rest_route=\/wp\/v2\/pages\/10","targetHints":{"allow":["GET"]}}],"collection":[{"href":"https:\/\/drewnobudowlane.malopolska.pl\/index.php?rest_route=\/wp\/v2\/pages"}],"about":[{"href":"https:\/\/drewnobudowlane.malopolska.pl\/index.php?rest_route=\/wp\/v2\/types\/page"}],"author":[{"embeddable":true,"href":"https:\/\/drewnobudowlane.malopolska.pl\/index.php?rest_route=\/wp\/v2\/users\/1"}],"replies":[{"embeddable":true,"href":"https:\/\/drewnobudowlane.malopolska.pl\/index.php?rest_route=%2Fwp%2Fv2%2Fcomments&post=10"}],"version-history":[{"count":3,"href":"https:\/\/drewnobudowlane.malopolska.pl\/index.php?rest_route=\/wp\/v2\/pages\/10\/revisions"}],"predecessor-version":[{"id":41,"href":"https:\/\/drewnobudowlane.malopolska.pl\/index.php?rest_route=\/wp\/v2\/pages\/10\/revisions\/41"}],"wp:featuredmedia":[{"embeddable":true,"href":"https:\/\/drewnobudowlane.malopolska.pl\/index.php?rest_route=\/wp\/v2\/media\/39"}],"wp:attachment":[{"href":"https:\/\/drewnobudowlane.malopolska.pl\/index.php?rest_route=%2Fwp%2Fv2%2Fmedia&parent=10"}],"curies":[{"name":"wp","href":"https:\/\/api.w.org\/{rel}","templated":true}]}}